{"id":25,"date":"2024-11-27T14:09:33","date_gmt":"2024-11-27T17:09:33","guid":{"rendered":"https:\/?page_id=25"},"modified":"2025-03-26T13:43:49","modified_gmt":"2025-03-26T16:43:49","slug":"contato","status":"publish","type":"page","link":"https:\/\/versatyll.com\/index.php\/contato\/","title":{"rendered":"CONTATO"},"content":{"rendered":"\t\t<div data-elementor-type=\"wp-page\" data-elementor-id=\"25\" class=\"elementor elementor-25\">\n\t\t\t\t<div class=\"elementor-element elementor-element-bf8d91a e-flex e-con-boxed e-con e-parent\" data-id=\"bf8d91a\" data-element_type=\"container\">\n\t\t\t\t\t<div class=\"e-con-inner\">\n\t\t\t\t<div class=\"elementor-element elementor-element-4311c98 elementor-widget elementor-widget-heading\" data-id=\"4311c98\" data-element_type=\"widget\" data-widget_type=\"heading.default\">\n\t\t\t\t<div class=\"elementor-widget-container\">\n\t\t\t\t\t<h2 class=\"elementor-heading-title elementor-size-default\">CLIQUE NOS \u00cdCONES PARA ENTRAR EM CONTATO<\/h2>\t\t\t\t<\/div>\n\t\t\t\t<\/div>\n\t\t<div class=\"elementor-element elementor-element-6036e15 e-con-full e-flex e-con e-child\" data-id=\"6036e15\" data-element_type=\"container\">\n\t\t<div class=\"elementor-element elementor-element-7f78289 e-con-full e-flex e-con e-child\" data-id=\"7f78289\" data-element_type=\"container\">\n\t\t\t\t<div class=\"elementor-element elementor-element-c391183 elementor-align-center elementor-widget elementor-widget-button\" data-id=\"c391183\" data-element_type=\"widget\" data-widget_type=\"button.default\">\n\t\t\t\t<div class=\"elementor-widget-container\">\n\t\t\t\t\t\t\t\t\t<div class=\"elementor-button-wrapper\">\n\t\t\t\t\t<a class=\"elementor-button elementor-button-link elementor-size-sm elementor-animation-grow\" href=\"https:\/\/wa.me\/+551120480339?text=Ol\u00e1,%20Gostaria%20de%20entrar%20em%20contato%20com%20a%20VERSATYLL.\">\n\t\t\t\t\t\t<span class=\"elementor-button-content-wrapper\">\n\t\t\t\t\t\t<span class=\"elementor-button-icon\">\n\t\t\t\t<svg aria-hidden=\"true\" class=\"e-font-icon-svg e-fab-whatsapp\" viewBox=\"0 0 448 512\" xmlns=\"http:\/\/www.w3.org\/2000\/svg\"><path d=\"M380.9 97.1C339 55.1 283.2 32 223.9 32c-122.4 0-222 99.6-222 222 0 39.1 10.2 77.3 29.6 111L0 480l117.7-30.9c32.4 17.7 68.9 27 106.1 27h.1c122.3 0 224.1-99.6 224.1-222 0-59.3-25.2-115-67.1-157zm-157 341.6c-33.2 0-65.7-8.9-94-25.7l-6.7-4-69.8 18.3L72 359.2l-4.4-7c-18.5-29.4-28.2-63.3-28.2-98.2 0-101.7 82.8-184.5 184.6-184.5 49.3 0 95.6 19.2 130.4 54.1 34.8 34.9 56.2 81.2 56.1 130.5 0 101.8-84.9 184.6-186.6 184.6zm101.2-138.2c-5.5-2.8-32.8-16.2-37.9-18-5.1-1.9-8.8-2.8-12.5 2.8-3.7 5.6-14.3 18-17.6 21.8-3.2 3.7-6.5 4.2-12 1.4-32.6-16.3-54-29.1-75.5-66-5.7-9.8 5.7-9.1 16.3-30.3 1.8-3.7.9-6.9-.5-9.7-1.4-2.8-12.5-30.1-17.1-41.2-4.5-10.8-9.1-9.3-12.5-9.5-3.2-.2-6.9-.2-10.6-.2-3.7 0-9.7 1.4-14.8 6.9-5.1 5.6-19.4 19-19.4 46.3 0 27.3 19.9 53.7 22.6 57.4 2.8 3.7 39.1 59.7 94.8 83.8 35.2 15.2 49 16.5 66.6 13.9 10.7-1.6 32.8-13.4 37.4-26.4 4.6-13 4.6-24.1 3.2-26.4-1.3-2.5-5-3.9-10.5-6.6z\"><\/path><\/svg>\t\t\t<\/span>\n\t\t\t\t\t\t\t\t<\/span>\n\t\t\t\t\t<\/a>\n\t\t\t\t<\/div>\n\t\t\t\t\t\t\t\t<\/div>\n\t\t\t\t<\/div>\n\t\t\t\t<div class=\"elementor-element elementor-element-23cf220 elementor-widget elementor-widget-heading\" data-id=\"23cf220\" data-element_type=\"widget\" data-widget_type=\"heading.default\">\n\t\t\t\t<div class=\"elementor-widget-container\">\n\t\t\t\t\t<h2 class=\"elementor-heading-title elementor-size-default\">WHATSAPP<\/h2>\t\t\t\t<\/div>\n\t\t\t\t<\/div>\n\t\t\t\t<div class=\"elementor-element elementor-element-e1cf4ed elementor-widget elementor-widget-heading\" data-id=\"e1cf4ed\" data-element_type=\"widget\" data-widget_type=\"heading.default\">\n\t\t\t\t<div class=\"elementor-widget-container\">\n\t\t\t\t\t<h2 class=\"elementor-heading-title elementor-size-default\">(11) 2048-0339<\/h2>\t\t\t\t<\/div>\n\t\t\t\t<\/div>\n\t\t\t\t<\/div>\n\t\t<div class=\"elementor-element elementor-element-9773b30 e-con-full e-flex e-con e-child\" data-id=\"9773b30\" data-element_type=\"container\">\n\t\t\t\t<div class=\"elementor-element elementor-element-f9013e0 elementor-align-center elementor-widget elementor-widget-button\" data-id=\"f9013e0\" data-element_type=\"widget\" data-widget_type=\"button.default\">\n\t\t\t\t<div class=\"elementor-widget-container\">\n\t\t\t\t\t\t\t\t\t<div class=\"elementor-button-wrapper\">\n\t\t\t\t\t<a class=\"elementor-button elementor-button-link elementor-size-sm elementor-animation-grow\" href=\"tel:+551120480339\">\n\t\t\t\t\t\t<span class=\"elementor-button-content-wrapper\">\n\t\t\t\t\t\t<span class=\"elementor-button-icon\">\n\t\t\t\t<svg aria-hidden=\"true\" class=\"e-font-icon-svg e-fas-phone-alt\" viewBox=\"0 0 512 512\" xmlns=\"http:\/\/www.w3.org\/2000\/svg\"><path d=\"M497.39 361.8l-112-48a24 24 0 0 0-28 6.9l-49.6 60.6A370.66 370.66 0 0 1 130.6 204.11l60.6-49.6a23.94 23.94 0 0 0 6.9-28l-48-112A24.16 24.16 0 0 0 122.6.61l-104 24A24 24 0 0 0 0 48c0 256.5 207.9 464 464 464a24 24 0 0 0 23.4-18.6l24-104a24.29 24.29 0 0 0-14.01-27.6z\"><\/path><\/svg>\t\t\t<\/span>\n\t\t\t\t\t\t\t\t<\/span>\n\t\t\t\t\t<\/a>\n\t\t\t\t<\/div>\n\t\t\t\t\t\t\t\t<\/div>\n\t\t\t\t<\/div>\n\t\t\t\t<div class=\"elementor-element elementor-element-e398697 elementor-widget elementor-widget-heading\" data-id=\"e398697\" data-element_type=\"widget\" data-widget_type=\"heading.default\">\n\t\t\t\t<div class=\"elementor-widget-container\">\n\t\t\t\t\t<h2 class=\"elementor-heading-title elementor-size-default\">TELEFONE<\/h2>\t\t\t\t<\/div>\n\t\t\t\t<\/div>\n\t\t\t\t<div class=\"elementor-element elementor-element-55f8947 elementor-widget elementor-widget-heading\" data-id=\"55f8947\" data-element_type=\"widget\" data-widget_type=\"heading.default\">\n\t\t\t\t<div class=\"elementor-widget-container\">\n\t\t\t\t\t<h2 class=\"elementor-heading-title elementor-size-default\">(11) 2048-0339<\/h2>\t\t\t\t<\/div>\n\t\t\t\t<\/div>\n\t\t\t\t<\/div>\n\t\t<div class=\"elementor-element elementor-element-7b2e4be e-con-full e-flex e-con e-child\" data-id=\"7b2e4be\" data-element_type=\"container\">\n\t\t\t\t<div class=\"elementor-element elementor-element-8765d88 elementor-align-center elementor-widget elementor-widget-button\" data-id=\"8765d88\" data-element_type=\"widget\" data-widget_type=\"button.default\">\n\t\t\t\t<div class=\"elementor-widget-container\">\n\t\t\t\t\t\t\t\t\t<div class=\"elementor-button-wrapper\">\n\t\t\t\t\t<a class=\"elementor-button elementor-button-link elementor-size-sm elementor-animation-grow\" href=\"mailto:contato@versatyll.com\">\n\t\t\t\t\t\t<span class=\"elementor-button-content-wrapper\">\n\t\t\t\t\t\t<span class=\"elementor-button-icon\">\n\t\t\t\t<svg aria-hidden=\"true\" class=\"e-font-icon-svg e-fas-envelope\" viewBox=\"0 0 512 512\" xmlns=\"http:\/\/www.w3.org\/2000\/svg\"><path d=\"M502.3 190.8c3.9-3.1 9.7-.2 9.7 4.7V400c0 26.5-21.5 48-48 48H48c-26.5 0-48-21.5-48-48V195.6c0-5 5.7-7.8 9.7-4.7 22.4 17.4 52.1 39.5 154.1 113.6 21.1 15.4 56.7 47.8 92.2 47.6 35.7.3 72-32.8 92.3-47.6 102-74.1 131.6-96.3 154-113.7zM256 320c23.2.4 56.6-29.2 73.4-41.4 132.7-96.3 142.8-104.7 173.4-128.7 5.8-4.5 9.2-11.5 9.2-18.9v-19c0-26.5-21.5-48-48-48H48C21.5 64 0 85.5 0 112v19c0 7.4 3.4 14.3 9.2 18.9 30.6 23.9 40.7 32.4 173.4 128.7 16.8 12.2 50.2 41.8 73.4 41.4z\"><\/path><\/svg>\t\t\t<\/span>\n\t\t\t\t\t\t\t\t<\/span>\n\t\t\t\t\t<\/a>\n\t\t\t\t<\/div>\n\t\t\t\t\t\t\t\t<\/div>\n\t\t\t\t<\/div>\n\t\t\t\t<div class=\"elementor-element elementor-element-f0a60a0 elementor-widget elementor-widget-heading\" data-id=\"f0a60a0\" data-element_type=\"widget\" data-widget_type=\"heading.default\">\n\t\t\t\t<div class=\"elementor-widget-container\">\n\t\t\t\t\t<h2 class=\"elementor-heading-title elementor-size-default\">E-MAIL<\/h2>\t\t\t\t<\/div>\n\t\t\t\t<\/div>\n\t\t\t\t<div class=\"elementor-element elementor-element-bdf3fd4 elementor-widget elementor-widget-heading\" data-id=\"bdf3fd4\" data-element_type=\"widget\" data-widget_type=\"heading.default\">\n\t\t\t\t<div class=\"elementor-widget-container\">\n\t\t\t\t\t<h2 class=\"elementor-heading-title elementor-size-default\">contato@versatyll.com<\/h2>\t\t\t\t<\/div>\n\t\t\t\t<\/div>\n\t\t\t\t<\/div>\n\t\t\t\t<\/div>\n\t\t\t\t\t<\/div>\n\t\t\t\t<\/div>\n\t\t<div class=\"elementor-element elementor-element-774995b e-flex e-con-boxed e-con e-parent\" data-id=\"774995b\" data-element_type=\"container\">\n\t\t\t\t\t<div class=\"e-con-inner\">\n\t\t\t\t<div class=\"elementor-element elementor-element-678413b elementor-widget-divider--view-line elementor-widget elementor-widget-divider\" data-id=\"678413b\" data-element_type=\"widget\" data-widget_type=\"divider.default\">\n\t\t\t\t<div class=\"elementor-widget-container\">\n\t\t\t\t\t\t\t<div class=\"elementor-divider\">\n\t\t\t<span class=\"elementor-divider-separator\">\n\t\t\t\t\t\t<\/span>\n\t\t<\/div>\n\t\t\t\t\t\t<\/div>\n\t\t\t\t<\/div>\n\t\t\t\t\t<\/div>\n\t\t\t\t<\/div>\n\t\t<div class=\"elementor-element elementor-element-2aa7a16 e-flex e-con-boxed e-con e-parent\" data-id=\"2aa7a16\" data-element_type=\"container\">\n\t\t\t\t\t<div class=\"e-con-inner\">\n\t\t<div class=\"elementor-element elementor-element-b703695 e-con-full e-flex e-con e-child\" data-id=\"b703695\" data-element_type=\"container\">\n\t\t\t\t<div class=\"elementor-element elementor-element-045a7e8 elementor-widget elementor-widget-text-editor\" data-id=\"045a7e8\" data-element_type=\"widget\" data-widget_type=\"text-editor.default\">\n\t\t\t\t<div class=\"elementor-widget-container\">\n\t\t\t\t\t\t\t\t\t<div class=\"place-name\"><b>Versatyll Ferramentaria<\/b><\/div><div class=\"address\">Rua Padre Celestino Dordis, 404\u00a0<\/div><div class=\"address\">Jardim Tr\u00eas Marias,\u00a0<span style=\"color: var( --e-global-color-text ); text-align: var(--text-align); background-color: var(--ast-global-color-5);\">S\u00e3o Paulo &#8211; SP,\u00a0<\/span><\/div><div class=\"address\"><span style=\"color: var( --e-global-color-text ); text-align: var(--text-align); background-color: var(--ast-global-color-5);\">03677-000<\/span><\/div><div>Tel.: (11) 2048-0339<\/div>\t\t\t\t\t\t\t\t<\/div>\n\t\t\t\t<\/div>\n\t\t\t\t<\/div>\n\t\t\t\t<div class=\"elementor-element elementor-element-f1ec7d6 elementor-widget elementor-widget-google_maps\" data-id=\"f1ec7d6\" data-element_type=\"widget\" data-widget_type=\"google_maps.default\">\n\t\t\t\t<div class=\"elementor-widget-container\">\n\t\t\t\t\t\t\t<div class=\"elementor-custom-embed\">\n\t\t\t<iframe loading=\"lazy\"\n\t\t\t\t\tsrc=\"https:\/\/maps.google.com\/maps?q=Versatyll%20Ferramentaria&#038;t=m&#038;z=10&#038;output=embed&#038;iwloc=near\"\n\t\t\t\t\ttitle=\"Versatyll Ferramentaria\"\n\t\t\t\t\taria-label=\"Versatyll Ferramentaria\"\n\t\t\t><\/iframe>\n\t\t<\/div>\n\t\t\t\t\t\t<\/div>\n\t\t\t\t<\/div>\n\t\t\t\t\t<\/div>\n\t\t\t\t<\/div>\n\t\t<div class=\"elementor-element elementor-element-2a77ace e-flex e-con-boxed e-con e-parent\" data-id=\"2a77ace\" data-element_type=\"container\">\n\t\t\t\t\t<div class=\"e-con-inner\">\n\t\t\t\t<div class=\"elementor-element elementor-element-4b5c4e1 elementor-widget-divider--view-line elementor-widget elementor-widget-divider\" data-id=\"4b5c4e1\" data-element_type=\"widget\" data-widget_type=\"divider.default\">\n\t\t\t\t<div class=\"elementor-widget-container\">\n\t\t\t\t\t\t\t<div class=\"elementor-divider\">\n\t\t\t<span class=\"elementor-divider-separator\">\n\t\t\t\t\t\t<\/span>\n\t\t<\/div>\n\t\t\t\t\t\t<\/div>\n\t\t\t\t<\/div>\n\t\t\t\t<div class=\"elementor-element elementor-element-9275eb1 elementor-widget elementor-widget-image\" data-id=\"9275eb1\" data-element_type=\"widget\" data-widget_type=\"image.default\">\n\t\t\t\t<div class=\"elementor-widget-container\">\n\t\t\t\t\t\t\t\t\t\t\t\t\t\t\t<img fetchpriority=\"high\" decoding=\"async\" width=\"1024\" height=\"341\" src=\"https:\/\/versatyll.com\/wp-content\/uploads\/2025\/01\/VERSATYLL.png\" class=\"attachment-large size-large wp-image-196\" alt=\"versatyll-prototipo-logo\" \/>\t\t\t\t\t\t\t\t\t\t\t\t\t\t\t<\/div>\n\t\t\t\t<\/div>\n\t\t\t\t\t<\/div>\n\t\t\t\t<\/div>\n\t\t\t\t<\/div>\n\t\t","protected":false},"excerpt":{"rendered":"<p>CLIQUE NOS \u00cdCONES PARA ENTRAR EM CONTATO WHATSAPP (11) 2048-0339 TELEFONE (11) 2048-0339 E-MAIL contato@versatyll.com Versatyll FerramentariaRua Padre Celestino Dordis, [&hellip;]<\/p>\n","protected":false},"author":1,"featured_media":0,"parent":0,"menu_order":0,"comment_status":"closed","ping_status":"closed","template":"","meta":{"site-sidebar-layout":"no-sidebar","site-content-layout":"","ast-site-content-layout":"full-width-container","site-content-style":"default","site-sidebar-style":"default","ast-global-header-display":"","ast-banner-title-visibility":"","ast-main-header-display":"","ast-hfb-above-header-display":"","ast-hfb-below-header-display":"","ast-hfb-mobile-header-display":"","site-post-title":"disabled","ast-breadcrumbs-content":"","ast-featured-img":"disabled","footer-sml-layout":"","theme-transparent-header-meta":"","adv-header-id-meta":"","stick-header-meta":"","header-above-stick-meta":"","header-main-stick-meta":"","header-below-stick-meta":"","astra-migrate-meta-layouts":"default","ast-page-background-enabled":"default","ast-page-background-meta":{"desktop":{"background-color":"var(--ast-global-color-4)","background-image":"","background-repeat":"repeat","background-position":"center center","background-size":"auto","background-attachment":"scroll","background-type":"","background-media":"","overlay-type":"","overlay-color":"","overlay-opacity":"","overlay-gradient":""},"tablet":{"background-color":"","background-image":"","background-repeat":"repeat","background-position":"center center","background-size":"auto","background-attachment":"scroll","background-type":"","background-media":"","overlay-type":"","overlay-color":"","overlay-opacity":"","overlay-gradient":""},"mobile":{"background-color":"","background-image":"","background-repeat":"repeat","background-position":"center center","background-size":"auto","background-attachment":"scroll","background-type":"","background-media":"","overlay-type":"","overlay-color":"","overlay-opacity":"","overlay-gradient":""}},"ast-content-background-meta":{"desktop":{"background-color":"var(--ast-global-color-5)","background-image":"","background-repeat":"repeat","background-position":"center center","background-size":"auto","background-attachment":"scroll","background-type":"","background-media":"","overlay-type":"","overlay-color":"","overlay-opacity":"","overlay-gradient":""},"tablet":{"background-color":"var(--ast-global-color-5)","background-image":"","background-repeat":"repeat","background-position":"center center","background-size":"auto","background-attachment":"scroll","background-type":"","background-media":"","overlay-type":"","overlay-color":"","overlay-opacity":"","overlay-gradient":""},"mobile":{"background-color":"var(--ast-global-color-5)","background-image":"","background-repeat":"repeat","background-position":"center center","background-size":"auto","background-attachment":"scroll","background-type":"","background-media":"","overlay-type":"","overlay-color":"","overlay-opacity":"","overlay-gradient":""}},"footnotes":""},"class_list":["post-25","page","type-page","status-publish","hentry"],"yoast_head":"<!-- This site is optimized with the Yoast SEO plugin v24.6 - https:\/\/yoast.com\/wordpress\/plugins\/seo\/ -->\n<title>Seu prot\u00f3tipo agora! Entre em contato com a Versatyll.<\/title>\n<meta name=\"description\" content=\"- Tem uma ideia mas n\u00e3o sabe por onde come\u00e7ar? Entre em contato com a Versatyll. Desenvolvemos e Entregamos se Prot\u00f3tipo, sem preocupa\u00e7\u00f5es.\" \/>\n<meta name=\"robots\" content=\"index, follow, max-snippet:-1, max-image-preview:large, max-video-preview:-1\" \/>\n<link rel=\"canonical\" href=\"https:\/\/versatyll.com\/index.php\/contato\/\" \/>\n<meta property=\"og:locale\" content=\"pt_BR\" \/>\n<meta property=\"og:type\" content=\"article\" \/>\n<meta property=\"og:title\" content=\"Seu prot\u00f3tipo agora! Entre em contato com a Versatyll.\" \/>\n<meta property=\"og:description\" content=\"- Tem uma ideia mas n\u00e3o sabe por onde come\u00e7ar? Entre em contato com a Versatyll. Desenvolvemos e Entregamos se Prot\u00f3tipo, sem preocupa\u00e7\u00f5es.\" \/>\n<meta property=\"og:url\" content=\"https:\/\/versatyll.com\/index.php\/contato\/\" \/>\n<meta property=\"article:modified_time\" content=\"2025-03-26T16:43:49+00:00\" \/>\n<meta property=\"og:image\" content=\"http:\/\/versatyll.com\/wp-content\/uploads\/2025\/01\/VERSATYLL.png\" \/>\n<meta name=\"twitter:card\" content=\"summary_large_image\" \/>\n<meta name=\"twitter:label1\" content=\"Est. tempo de leitura\" \/>\n\t<meta name=\"twitter:data1\" content=\"1 minuto\" \/>\n<script type=\"application\/ld+json\" class=\"yoast-schema-graph\">{\"@context\":\"https:\/\/schema.org\",\"@graph\":[{\"@type\":\"WebPage\",\"@id\":\"https:\/\/versatyll.com\/index.php\/contato\/\",\"url\":\"https:\/\/versatyll.com\/index.php\/contato\/\",\"name\":\"Seu prot\u00f3tipo agora! Entre em contato com a Versatyll.\",\"isPartOf\":{\"@id\":\"https:\/\/versatyll.com\/#website\"},\"primaryImageOfPage\":{\"@id\":\"https:\/\/versatyll.com\/index.php\/contato\/#primaryimage\"},\"image\":{\"@id\":\"https:\/\/versatyll.com\/index.php\/contato\/#primaryimage\"},\"thumbnailUrl\":\"http:\/\/versatyll.com\/wp-content\/uploads\/2025\/01\/VERSATYLL.png\",\"datePublished\":\"2024-11-27T17:09:33+00:00\",\"dateModified\":\"2025-03-26T16:43:49+00:00\",\"description\":\"- Tem uma ideia mas n\u00e3o sabe por onde come\u00e7ar? Entre em contato com a Versatyll. Desenvolvemos e Entregamos se Prot\u00f3tipo, sem preocupa\u00e7\u00f5es.\",\"breadcrumb\":{\"@id\":\"https:\/\/versatyll.com\/index.php\/contato\/#breadcrumb\"},\"inLanguage\":\"pt-BR\",\"potentialAction\":[{\"@type\":\"ReadAction\",\"target\":[\"https:\/\/versatyll.com\/index.php\/contato\/\"]}]},{\"@type\":\"ImageObject\",\"inLanguage\":\"pt-BR\",\"@id\":\"https:\/\/versatyll.com\/index.php\/contato\/#primaryimage\",\"url\":\"http:\/\/versatyll.com\/wp-content\/uploads\/2025\/01\/VERSATYLL.png\",\"contentUrl\":\"http:\/\/versatyll.com\/wp-content\/uploads\/2025\/01\/VERSATYLL.png\"},{\"@type\":\"BreadcrumbList\",\"@id\":\"https:\/\/versatyll.com\/index.php\/contato\/#breadcrumb\",\"itemListElement\":[{\"@type\":\"ListItem\",\"position\":1,\"name\":\"In\u00edcio\",\"item\":\"https:\/\/versatyll.com\/\"},{\"@type\":\"ListItem\",\"position\":2,\"name\":\"CONTATO\"}]},{\"@type\":\"WebSite\",\"@id\":\"https:\/\/versatyll.com\/#website\",\"url\":\"https:\/\/versatyll.com\/\",\"name\":\"Prot\u00f3tipos Versatyll\",\"description\":\"Quer ter um prot\u00f3tipo por um pre\u00e7o acess\u00edvel? Tiramos a sua ideia do papel, entregando um prot\u00f3tipo funcional, com qualidade e precis\u00e3o de inje\u00e7\u00e3o.\",\"publisher\":{\"@id\":\"https:\/\/versatyll.com\/#organization\"},\"alternateName\":\"Versatyll\",\"potentialAction\":[{\"@type\":\"SearchAction\",\"target\":{\"@type\":\"EntryPoint\",\"urlTemplate\":\"https:\/\/versatyll.com\/?s={search_term_string}\"},\"query-input\":{\"@type\":\"PropertyValueSpecification\",\"valueRequired\":true,\"valueName\":\"search_term_string\"}}],\"inLanguage\":\"pt-BR\"},{\"@type\":\"Organization\",\"@id\":\"https:\/\/versatyll.com\/#organization\",\"name\":\"Prot\u00f3tipos Versatyll\",\"alternateName\":\"Prot\u00f3tipos Versatyll\",\"url\":\"https:\/\/versatyll.com\/\",\"logo\":{\"@type\":\"ImageObject\",\"inLanguage\":\"pt-BR\",\"@id\":\"https:\/\/versatyll.com\/#\/schema\/logo\/image\/\",\"url\":\"https:\/\/versatyll.com\/wp-content\/uploads\/2025\/01\/VERSATYLL.png\",\"contentUrl\":\"https:\/\/versatyll.com\/wp-content\/uploads\/2025\/01\/VERSATYLL.png\",\"width\":1920,\"height\":640,\"caption\":\"Prot\u00f3tipos Versatyll\"},\"image\":{\"@id\":\"https:\/\/versatyll.com\/#\/schema\/logo\/image\/\"}}]}<\/script>\n<!-- \/ Yoast SEO plugin. -->","yoast_head_json":{"title":"Seu prot\u00f3tipo agora! Entre em contato com a Versatyll.","description":"- Tem uma ideia mas n\u00e3o sabe por onde come\u00e7ar? Entre em contato com a Versatyll. Desenvolvemos e Entregamos se Prot\u00f3tipo, sem preocupa\u00e7\u00f5es.","robots":{"index":"index","follow":"follow","max-snippet":"max-snippet:-1","max-image-preview":"max-image-preview:large","max-video-preview":"max-video-preview:-1"},"canonical":"https:\/\/versatyll.com\/index.php\/contato\/","og_locale":"pt_BR","og_type":"article","og_title":"Seu prot\u00f3tipo agora! Entre em contato com a Versatyll.","og_description":"- Tem uma ideia mas n\u00e3o sabe por onde come\u00e7ar? Entre em contato com a Versatyll. Desenvolvemos e Entregamos se Prot\u00f3tipo, sem preocupa\u00e7\u00f5es.","og_url":"https:\/\/versatyll.com\/index.php\/contato\/","article_modified_time":"2025-03-26T16:43:49+00:00","og_image":[{"url":"http:\/\/versatyll.com\/wp-content\/uploads\/2025\/01\/VERSATYLL.png","type":"","width":"","height":""}],"twitter_card":"summary_large_image","twitter_misc":{"Est. tempo de leitura":"1 minuto"},"schema":{"@context":"https:\/\/schema.org","@graph":[{"@type":"WebPage","@id":"https:\/\/versatyll.com\/index.php\/contato\/","url":"https:\/\/versatyll.com\/index.php\/contato\/","name":"Seu prot\u00f3tipo agora! Entre em contato com a Versatyll.","isPartOf":{"@id":"https:\/\/versatyll.com\/#website"},"primaryImageOfPage":{"@id":"https:\/\/versatyll.com\/index.php\/contato\/#primaryimage"},"image":{"@id":"https:\/\/versatyll.com\/index.php\/contato\/#primaryimage"},"thumbnailUrl":"http:\/\/versatyll.com\/wp-content\/uploads\/2025\/01\/VERSATYLL.png","datePublished":"2024-11-27T17:09:33+00:00","dateModified":"2025-03-26T16:43:49+00:00","description":"- Tem uma ideia mas n\u00e3o sabe por onde come\u00e7ar? Entre em contato com a Versatyll. Desenvolvemos e Entregamos se Prot\u00f3tipo, sem preocupa\u00e7\u00f5es.","breadcrumb":{"@id":"https:\/\/versatyll.com\/index.php\/contato\/#breadcrumb"},"inLanguage":"pt-BR","potentialAction":[{"@type":"ReadAction","target":["https:\/\/versatyll.com\/index.php\/contato\/"]}]},{"@type":"ImageObject","inLanguage":"pt-BR","@id":"https:\/\/versatyll.com\/index.php\/contato\/#primaryimage","url":"http:\/\/versatyll.com\/wp-content\/uploads\/2025\/01\/VERSATYLL.png","contentUrl":"http:\/\/versatyll.com\/wp-content\/uploads\/2025\/01\/VERSATYLL.png"},{"@type":"BreadcrumbList","@id":"https:\/\/versatyll.com\/index.php\/contato\/#breadcrumb","itemListElement":[{"@type":"ListItem","position":1,"name":"In\u00edcio","item":"https:\/\/versatyll.com\/"},{"@type":"ListItem","position":2,"name":"CONTATO"}]},{"@type":"WebSite","@id":"https:\/\/versatyll.com\/#website","url":"https:\/\/versatyll.com\/","name":"Prot\u00f3tipos Versatyll","description":"Quer ter um prot\u00f3tipo por um pre\u00e7o acess\u00edvel? Tiramos a sua ideia do papel, entregando um prot\u00f3tipo funcional, com qualidade e precis\u00e3o de inje\u00e7\u00e3o.","publisher":{"@id":"https:\/\/versatyll.com\/#organization"},"alternateName":"Versatyll","potentialAction":[{"@type":"SearchAction","target":{"@type":"EntryPoint","urlTemplate":"https:\/\/versatyll.com\/?s={search_term_string}"},"query-input":{"@type":"PropertyValueSpecification","valueRequired":true,"valueName":"search_term_string"}}],"inLanguage":"pt-BR"},{"@type":"Organization","@id":"https:\/\/versatyll.com\/#organization","name":"Prot\u00f3tipos Versatyll","alternateName":"Prot\u00f3tipos Versatyll","url":"https:\/\/versatyll.com\/","logo":{"@type":"ImageObject","inLanguage":"pt-BR","@id":"https:\/\/versatyll.com\/#\/schema\/logo\/image\/","url":"https:\/\/versatyll.com\/wp-content\/uploads\/2025\/01\/VERSATYLL.png","contentUrl":"https:\/\/versatyll.com\/wp-content\/uploads\/2025\/01\/VERSATYLL.png","width":1920,"height":640,"caption":"Prot\u00f3tipos Versatyll"},"image":{"@id":"https:\/\/versatyll.com\/#\/schema\/logo\/image\/"}}]}},"_links":{"self":[{"href":"https:\/\/versatyll.com\/index.php\/wp-json\/wp\/v2\/pages\/25","targetHints":{"allow":["GET"]}}],"collection":[{"href":"https:\/\/versatyll.com\/index.php\/wp-json\/wp\/v2\/pages"}],"about":[{"href":"https:\/\/versatyll.com\/index.php\/wp-json\/wp\/v2\/types\/page"}],"author":[{"embeddable":true,"href":"https:\/\/versatyll.com\/index.php\/wp-json\/wp\/v2\/users\/1"}],"replies":[{"embeddable":true,"href":"https:\/\/versatyll.com\/index.php\/wp-json\/wp\/v2\/comments?post=25"}],"version-history":[{"count":19,"href":"https:\/\/versatyll.com\/index.php\/wp-json\/wp\/v2\/pages\/25\/revisions"}],"predecessor-version":[{"id":409,"href":"https:\/\/versatyll.com\/index.php\/wp-json\/wp\/v2\/pages\/25\/revisions\/409"}],"wp:attachment":[{"href":"https:\/\/versatyll.com\/index.php\/wp-json\/wp\/v2\/media?parent=25"}],"curies":[{"name":"wp","href":"https:\/\/api.w.org\/{rel}","templated":true}]}}